{"id":178,"date":"2011-06-15T16:34:38","date_gmt":"2011-06-15T14:34:38","guid":{"rendered":"http:\/\/www.strohbachorgel-elstra.de\/?page_id=178"},"modified":"2016-10-02T14:26:25","modified_gmt":"2016-10-02T13:26:25","slug":"abraham-strohbach","status":"publish","type":"page","link":"https:\/\/www.strohbachorgel-elstra.de\/?page_id=178","title":{"rendered":"Abraham Strohbach"},"content":{"rendered":"<p>Abraham Strohbach war \u201eseiner Profession nach eigentlich ein M\u00fcller\u201c (Diaconale) sowie \u201eB\u00fcrger von Elstra und zugleich (?) Pachtm\u00fcller der dem Kloster Marienstern\u00a0geh\u00f6renden Haynm\u00fchle im Dorfe Kriepitz\u201c.<\/p>\n<p>Ein M\u00fcller war handwerklich sehr gut ausgebildet und erfahren, denn eine M\u00fchle hatte viele mechanische Teile, die st\u00e4ndig gepflegt und repariert werden mussten.<\/p>\n<p>Wenn nun aber ein M\u00fcller eine Orgel bauen konnte,\u00a0dann musste dieser wohl \u00fcber besondere handwerkliche Fertigkeiten verf\u00fcgen.<\/p>\n<p>Offen bleibt, woher dieser M\u00fcller Abraham Strohbach\u00a0seine musikalischen Kenntnisse sowie Erfahrung und Qualifikation im Orgelbau erwarb. Denkbar\u00a0ist, dass Strohbach gelernter Orgelbauer war und als Wanderhandwerker\u00a0von der Elstraer Herrschaft mit\u00a0dem Bau der Orgel beauftragt wurde.\u00a0Zumindest wurde seine Orgel 1756 von dem Bautzner Kantor und Musikdirektor Heinrich G\u00f6ssel als \u201eExaminator\u201c\u00a0f\u00fcr gut und t\u00fcchtig befunden.<\/p>\n<p>\u201eDieser geschickte Orgelbauer hatte das Ungl\u00fcck,\u00a0da\u00df er am 2. Febr. 1759, als er des Nachts von Elstra in die Haynm\u00fchle zur\u00fcckging, von dem schmalen M\u00fchlsteige vor derselben st\u00fcrzte und am Morgen, mit dem Unterleibe im Wasser liegend, todt gefunden wurde.\u201c<\/p>\n<p>Er musste also nach Vollendung der Orgel noch einige\u00a0Jahre als M\u00fcller gearbeitet haben.<\/p>\n<hr \/>\n<p><a title=\"Die Orgel\" href=\"http:\/\/www.strohbachorgel-elstra.de\/?page_id=202\">zur\u00fcck<\/a><\/p>\n<p>&nbsp;<\/p>\n","protected":false},"excerpt":{"rendered":"<p>Abraham Strohbach war \u201eseiner Profession nach eigentlich ein M\u00fcller\u201c (Diaconale) sowie \u201eB\u00fcrger von Elstra und zugleich (?) Pachtm\u00fcller der dem Kloster Marienstern\u00a0geh\u00f6renden Haynm\u00fchle im Dorfe Kriepitz\u201c. Ein M\u00fcller war handwerklich sehr gut ausgebildet und erfahren, denn eine M\u00fchle hatte viele &hellip; <a href=\"https:\/\/www.strohbachorgel-elstra.de\/?page_id=178\">Weiterlesen <span class=\"meta-nav\">&rarr;<\/span><\/a><\/p>\n","protected":false},"author":1,"featured_media":0,"parent":202,"menu_order":0,"comment_status":"closed","ping_status":"closed","template":"","meta":{"footnotes":""},"class_list":["post-178","page","type-page","status-publish","hentry"],"_links":{"self":[{"href":"https:\/\/www.strohbachorgel-elstra.de\/index.php?rest_route=\/wp\/v2\/pages\/178","targetHints":{"allow":["GET"]}}],"collection":[{"href":"https:\/\/www.strohbachorgel-elstra.de\/index.php?rest_route=\/wp\/v2\/pages"}],"about":[{"href":"https:\/\/www.strohbachorgel-elstra.de\/index.php?rest_route=\/wp\/v2\/types\/page"}],"author":[{"embeddable":true,"href":"https:\/\/www.strohbachorgel-elstra.de\/index.php?rest_route=\/wp\/v2\/users\/1"}],"replies":[{"embeddable":true,"href":"https:\/\/www.strohbachorgel-elstra.de\/index.php?rest_route=%2Fwp%2Fv2%2Fcomments&post=178"}],"version-history":[{"count":6,"href":"https:\/\/www.strohbachorgel-elstra.de\/index.php?rest_route=\/wp\/v2\/pages\/178\/revisions"}],"predecessor-version":[{"id":1672,"href":"https:\/\/www.strohbachorgel-elstra.de\/index.php?rest_route=\/wp\/v2\/pages\/178\/revisions\/1672"}],"up":[{"embeddable":true,"href":"https:\/\/www.strohbachorgel-elstra.de\/index.php?rest_route=\/wp\/v2\/pages\/202"}],"wp:attachment":[{"href":"https:\/\/www.strohbachorgel-elstra.de\/index.php?rest_route=%2Fwp%2Fv2%2Fmedia&parent=178"}],"curies":[{"name":"wp","href":"https:\/\/api.w.org\/{rel}","templated":true}]}}