{"id":24,"date":"2010-03-31T08:47:44","date_gmt":"2010-03-31T06:47:44","guid":{"rendered":"http:\/\/www.strohbachorgel-elstra.de\/?page_id=24"},"modified":"2018-04-12T19:36:30","modified_gmt":"2018-04-12T18:36:30","slug":"impressum","status":"publish","type":"page","link":"https:\/\/www.strohbachorgel-elstra.de\/?page_id=24","title":{"rendered":"Impressum"},"content":{"rendered":"<p>Verantwortlich als Herausgeber<\/p>\n<p>Ev.-Luth. Kirchgemeinde Elstra- Prietitz<br \/>\nPfarrgasse 4<br \/>\n01920 Elstra<br \/>\nTelefon: (+49) 035793 5222<br \/>\nTelefax: (+49) 035793 45614<\/p>\n<p>E-mail: <a href=\"mailto:kg.elstra_prietitz@evlks.de\">kg.elstra_prietitz@evlks.de<\/a><br \/>\nInternet: <a href=\"http:\/\/www.kirche-elstra.de\">www.kirche-elstra.de<\/a><\/p>\n<hr \/>\n<p><strong>Urheberrecht<\/strong><\/p>\n<p>Die Texte und eigene Bilder des Angebots insgesamt sowie seiner einzelnen Elemente sind urheberrechtlich gesch\u00fctzt. Vervielf\u00e4ltigung und Verwendung sind nicht gestattet. Die Ev.-Luth. Kirchgemeinden Elstra- Prietitz und Schmeckwitz sind bestrebt, in allen Publikationen die Urheberrechte der verwendeten Grafiken, Sounds und Texte zu beachten, von ihnen selbst erstellte Grafiken, Sounds und Texte zu nutzen oder auf lizenzfreie Grafiken, Sounds und Texte zur\u00fcckzugreifen. Sollte sich auf den jeweiligen Seiten dennoch eine ungekennzeichnete oder durch ein fremdes Copyright gesch\u00fctzte Grafik, ein Sound oder Text befinden, so konnte das Copyright nicht festgestellt werden. Im Falle einer solchen unbeabsichtigten Copyrightverletzung werden die Ev.-Luth. Kirchgemeinden Elstra- Prietitz und Schmeckwitz<br \/>\ndas entsprechende Objekt nach Benachrichtigung aus ihrer Publikation entfernen bzw. mit dem entsprechenden Copyright kenntlich machen. Das Copyright f\u00fcr ver\u00f6ffentlichte, von den Ev.-Luth. Kirchgemeinden Elstra- Prietitz und Schmeckwitz selbst erstellte Objekte bleibt allein beim Autor der Seiten. Eine Vervielf\u00e4ltigung oder Verwendung solcher Grafiken, Sound und Texte in anderen elektronischen oder gedruckten Publikationen ist ohne ausdr\u00fcckliche Zustimmung des Autors nicht gestattet.<\/p>\n<hr \/>\n<p><strong>Bildrechte<\/strong><\/p>\n<p>Die Urheberrechte an verwendeten Fotos liegen bei den jeweiligen Fotografen.<\/p>\n<hr \/>\n<p><strong>Haftung<\/strong><\/p>\n<p>Die unter www.strohbachorgel-elstra.de ver\u00f6ffentlichten Inhalte sind mit gr\u00f6\u00dfter Sorgfalt recherchiert. Dennoch k\u00f6nnen die Ev.-Luth. Kirchgemeinden Elstra- Prietitz und Schmeckwitz<br \/>\nkeine Gew\u00e4hr f\u00fcr Ihre Richtigkeit \u00fcbernehmen. Alle Angaben erfolgen ohne Gew\u00e4hr. Eine Haftung f\u00fcr Sch\u00e4den, die sich aus der Verwendung der in www.strohbachorgel-elstra.de ver\u00f6ffentlichten Inhalte ergeben, durch den Betreiber bzw. die einstellenden Inhaltepartner ist ausgeschlossen. Dennoch \u00fcbernehmen die Ev.-Luth. Kirchgemeinden Elstra- Prietitz und Schmeckwitz keinerlei Gew\u00e4hr f\u00fcr die Aktualit\u00e4t, Korrektheit, Vollst\u00e4ndigkeit oder Qualit\u00e4t der bereitgestellten Informationen. Haftungsanspr\u00fcche gegen die Ev.-Luth. Kirchgemeinden Elstra- Prietitz und Schmeckwitz, die sich auf Sch\u00e4den materieller oder ideeller Art beziehen, welche durch die Nutzung oder Nichtnutzung der dargebotenen Informationen bzw. durch die Nutzung fehlerhafter und unvollst\u00e4ndiger Informationen verursacht wurden sind ausgeschlossen. F\u00fcr Internetseiten Dritter, auf welche die Ev.-Luth. Kirchgemeinden Elstra- Prietitz und Schmeckwitz durch Hyperlink verweist, tragen die jeweiligen Anbieter die Verantwortung. Die Ev.-Luth. Kirchgemeinden Elstra- Prietitz und Schmeckwitz sind f\u00fcr den Inhalt solcher Seiten Dritter nicht verantwortlich. Desweiteren kann die Webseite der Ev.-Luth. Kirchgemeinden Elstra- Prietitz und Schmeckwitz ohne Wissen der Ev.-Luth. Kirchgemeinden Elstra- Prietitz und Schmeckwitz von einer anderen Webseite mittels Hyperlink angelinkt worden sein. Die Ev.-Luth. Kirchgemeinden Elstra- Prietitz und Schmeckwitz \u00fcbernehmen keine Verantwortung f\u00fcr Darstellungen, Inhalt oder irgendeine Verbindung zu den Ev.-Luth. Kirchgemeinden Elstra- Prietitz und Schmeckwitz in Webseiten Dritter. Au\u00dferdem behalten sich Ev.-Luth. Kirchgemeinden Elstra- Prietitz und Schmeckwitz das Recht vor, \u00c4nderungen oder Erg\u00e4nzungen der bereitgestellten Informationen vorzunehmen.<\/p>\n<hr \/>\n<p><strong>Rechtswirksamkeit dieses Haftungsausschlusses<\/strong><\/p>\n<p>Dieser Haftungsausschluss ist als Teil des Internetangebotes zu betrachten, von dem aus auf diese Seite verwiesen wurde. Sofern Teile oder einzelne Formulierungen dieses Textes der geltenden Rechtslage nicht, nicht mehr oder nicht vollst\u00e4ndig entsprechen sollten, bleiben die \u00fcbrigen Teile des Dokumentes in ihrem Inhalt und ihrer G\u00fcltigkeit davon unber\u00fchrt.<\/p>\n<hr \/>\n<p><strong>Rechtshinweis<\/strong><\/p>\n<p>Die Vervielf\u00e4ltigung von Informationen oder Daten, insbesondere die Verwendung von Texten, Textteilen oder Bildmaterial bedarf der ausdr\u00fccklichen vorherigen Zustimmung der Ev.-Luth. Kirchgemeinden Elstra- Prietitz und Schmeckwitz. Angabe gem\u00e4\u00df \u00a76 Anbieterkennzeichnung des TDG (Teledienstgesetz).<br \/>\nNach einem Urteil[1] des OLG M\u00fcnchen[2] vom 9. November 2006 (Az. 6 U 1675\/06) haftet der Betreiber eines Internetforums nicht f\u00fcr dort von Dritten begangene Urheberrechtsverletzungen. Das Gericht best\u00e4tigte damit eine Entscheidung[3] des Landgerichts M\u00fcnchen[4] und schloss sich der Urteilsbegr\u00fcndung der Vorinstanz in vollem Umfang an.<\/p>\n<hr \/>\n<p>&nbsp;<\/p>\n","protected":false},"excerpt":{"rendered":"<p>Verantwortlich als Herausgeber Ev.-Luth. Kirchgemeinde Elstra- Prietitz Pfarrgasse 4 01920 Elstra Telefon: (+49) 035793 5222 Telefax: (+49) 035793 45614 E-mail: kg.elstra_prietitz@evlks.de Internet: www.kirche-elstra.de Urheberrecht Die Texte und eigene Bilder des Angebots insgesamt sowie seiner einzelnen Elemente sind urheberrechtlich gesch\u00fctzt. Vervielf\u00e4ltigung &hellip; <a href=\"https:\/\/www.strohbachorgel-elstra.de\/?page_id=24\">Weiterlesen <span class=\"meta-nav\">&rarr;<\/span><\/a><\/p>\n","protected":false},"author":2,"featured_media":0,"parent":0,"menu_order":0,"comment_status":"closed","ping_status":"closed","template":"","meta":{"footnotes":""},"class_list":["post-24","page","type-page","status-publish","hentry"],"_links":{"self":[{"href":"https:\/\/www.strohbachorgel-elstra.de\/index.php?rest_route=\/wp\/v2\/pages\/24","targetHints":{"allow":["GET"]}}],"collection":[{"href":"https:\/\/www.strohbachorgel-elstra.de\/index.php?rest_route=\/wp\/v2\/pages"}],"about":[{"href":"https:\/\/www.strohbachorgel-elstra.de\/index.php?rest_route=\/wp\/v2\/types\/page"}],"author":[{"embeddable":true,"href":"https:\/\/www.strohbachorgel-elstra.de\/index.php?rest_route=\/wp\/v2\/users\/2"}],"replies":[{"embeddable":true,"href":"https:\/\/www.strohbachorgel-elstra.de\/index.php?rest_route=%2Fwp%2Fv2%2Fcomments&post=24"}],"version-history":[{"count":5,"href":"https:\/\/www.strohbachorgel-elstra.de\/index.php?rest_route=\/wp\/v2\/pages\/24\/revisions"}],"predecessor-version":[{"id":1676,"href":"https:\/\/www.strohbachorgel-elstra.de\/index.php?rest_route=\/wp\/v2\/pages\/24\/revisions\/1676"}],"wp:attachment":[{"href":"https:\/\/www.strohbachorgel-elstra.de\/index.php?rest_route=%2Fwp%2Fv2%2Fmedia&parent=24"}],"curies":[{"name":"wp","href":"https:\/\/api.w.org\/{rel}","templated":true}]}}