{"id":243,"date":"2012-02-07T10:56:08","date_gmt":"2012-02-07T08:56:08","guid":{"rendered":"http:\/\/www.strohbachorgel-elstra.de\/?page_id=243"},"modified":"2017-01-31T21:07:08","modified_gmt":"2017-01-31T20:07:08","slug":"freundeskreis-strohbachorgel-elstra","status":"publish","type":"page","link":"https:\/\/www.strohbachorgel-elstra.de\/?page_id=243","title":{"rendered":"F\u00f6rderkreis"},"content":{"rendered":"<p>Der\u00a0Finanzbedarf\u00a0f\u00fcr die Rekonstruktion der Orgel wurde\u00a0von den Orgelsachverst\u00e4ndigen des Landesamtes f\u00fcr Denkmalpflege und der Ev.-luth. Landeskirche Sachsen auf ca. 260.000 Euro gesch\u00e4tzt. Das ist eine Summe, die\u00a0unsere M\u00f6glichkeiten in Elstra weit \u00fcbersteigt.<\/p>\n<p>Unter dem Motto \u201e<em>Elstra zieht alle Register &#8230;<\/em>\u00a0\u201e hat der Kirchenvorstand gemeinsam mit Prof. Matthias Eisenberg am Reformationstag 2010 die Spendenaktion zum Erhalt und\u00a0zur Rekonstruktion der barocken Strohbachorgel in der St. Michaeliskirche zu Elstra ins Leben gerufen. Herrn Prof. Matthias Eisenberg ist es auch zu verdanken, dass zahlreiche namhafte K\u00fcnstler f\u00fcr Konzerte zugunsten der Orgel gewonnen werden konnten.<\/p>\n<p>Um das Projekt weiter zu st\u00e4rken, wurde im Oktober 2011 der &#8222;F\u00f6rderkreis Abraham-Strohbach-Orgel Elstra&#8220; gegr\u00fcndet. Diesem geh\u00f6ren Vertreter des Kirchenvorstandes und engagierte B\u00fcrger von Elstra an, denen der Erhalt der\u00a0einzigartigen Orgel am Herzen liegt.<\/p>\n<p>Mitglieder des F\u00f6rderkreises: Prof. Matthias Eisenberg, Sabine G\u00f6pfert, Annett Druschke, Holde Liebau, Petra Schulze, Ilka Zessin, Carmen Kutsche, Ulrich Scheibe, Andreas Neubarth und Dirk Haase<\/p>\n<hr \/>\n<p><a href=\"http:\/\/www.strohbachorgel-elstra.de\/?page_id=1285\">Bildchronik<\/a><\/p>\n<p><a href=\"http:\/\/www.strohbachorgel-elstra.de\/wp-content\/uploads\/2016\/11\/F\u00f6rderkreis_Abschlussbericht.pdf\">Abschlussbericht<\/a><\/p>\n<p><a href=\"http:\/\/www.strohbachorgel-elstra.de\/wp-content\/uploads\/2012\/02\/IMG_7179.jpg\"><img loading=\"lazy\" decoding=\"async\" class=\"aligncenter size-large wp-image-1538\" src=\"http:\/\/www.strohbachorgel-elstra.de\/wp-content\/uploads\/2012\/02\/IMG_7179-1024x684.jpg\" alt=\"IMG_7179\" width=\"640\" height=\"428\" srcset=\"https:\/\/www.strohbachorgel-elstra.de\/wp-content\/uploads\/2012\/02\/IMG_7179-1024x684.jpg 1024w, https:\/\/www.strohbachorgel-elstra.de\/wp-content\/uploads\/2012\/02\/IMG_7179-300x200.jpg 300w, https:\/\/www.strohbachorgel-elstra.de\/wp-content\/uploads\/2012\/02\/IMG_7179-768x513.jpg 768w\" sizes=\"auto, (max-width: 640px) 100vw, 640px\" \/><\/a><\/p>\n<p><img loading=\"lazy\" decoding=\"async\" class=\"aligncenter wp-image-1722 size-large\" src=\"http:\/\/www.strohbachorgel-elstra.de\/wp-content\/uploads\/2013\/11\/Urkunde-B\u00fcrgerpreis-717x1024.jpg\" width=\"640\" height=\"914\" srcset=\"https:\/\/www.strohbachorgel-elstra.de\/wp-content\/uploads\/2013\/11\/Urkunde-B\u00fcrgerpreis-717x1024.jpg 717w, https:\/\/www.strohbachorgel-elstra.de\/wp-content\/uploads\/2013\/11\/Urkunde-B\u00fcrgerpreis-210x300.jpg 210w, https:\/\/www.strohbachorgel-elstra.de\/wp-content\/uploads\/2013\/11\/Urkunde-B\u00fcrgerpreis-768x1097.jpg 768w, https:\/\/www.strohbachorgel-elstra.de\/wp-content\/uploads\/2013\/11\/Urkunde-B\u00fcrgerpreis.jpg 1366w\" sizes=\"auto, (max-width: 640px) 100vw, 640px\" \/><\/p>\n<hr \/>\n<p style=\"text-align: left;\"><a title=\"Herzlich Willkommen !!\" href=\"http:\/\/www.strohbachorgel-elstra.de\/\">zur\u00fcck<\/a><\/p>\n","protected":false},"excerpt":{"rendered":"<p>Der\u00a0Finanzbedarf\u00a0f\u00fcr die Rekonstruktion der Orgel wurde\u00a0von den Orgelsachverst\u00e4ndigen des Landesamtes f\u00fcr Denkmalpflege und der Ev.-luth. Landeskirche Sachsen auf ca. 260.000 Euro gesch\u00e4tzt. Das ist eine Summe, die\u00a0unsere M\u00f6glichkeiten in Elstra weit \u00fcbersteigt. Unter dem Motto \u201eElstra zieht alle Register &#8230;\u00a0\u201e &hellip; <a href=\"https:\/\/www.strohbachorgel-elstra.de\/?page_id=243\">Weiterlesen <span class=\"meta-nav\">&rarr;<\/span><\/a><\/p>\n","protected":false},"author":1,"featured_media":0,"parent":0,"menu_order":0,"comment_status":"closed","ping_status":"open","template":"","meta":{"footnotes":""},"class_list":["post-243","page","type-page","status-publish","hentry"],"_links":{"self":[{"href":"https:\/\/www.strohbachorgel-elstra.de\/index.php?rest_route=\/wp\/v2\/pages\/243","targetHints":{"allow":["GET"]}}],"collection":[{"href":"https:\/\/www.strohbachorgel-elstra.de\/index.php?rest_route=\/wp\/v2\/pages"}],"about":[{"href":"https:\/\/www.strohbachorgel-elstra.de\/index.php?rest_route=\/wp\/v2\/types\/page"}],"author":[{"embeddable":true,"href":"https:\/\/www.strohbachorgel-elstra.de\/index.php?rest_route=\/wp\/v2\/users\/1"}],"replies":[{"embeddable":true,"href":"https:\/\/www.strohbachorgel-elstra.de\/index.php?rest_route=%2Fwp%2Fv2%2Fcomments&post=243"}],"version-history":[{"count":25,"href":"https:\/\/www.strohbachorgel-elstra.de\/index.php?rest_route=\/wp\/v2\/pages\/243\/revisions"}],"predecessor-version":[{"id":1729,"href":"https:\/\/www.strohbachorgel-elstra.de\/index.php?rest_route=\/wp\/v2\/pages\/243\/revisions\/1729"}],"wp:attachment":[{"href":"https:\/\/www.strohbachorgel-elstra.de\/index.php?rest_route=%2Fwp%2Fv2%2Fmedia&parent=243"}],"curies":[{"name":"wp","href":"https:\/\/api.w.org\/{rel}","templated":true}]}}