{"id":29,"date":"2010-03-31T11:41:48","date_gmt":"2010-03-31T09:41:48","guid":{"rendered":"http:\/\/www.strohbachorgel-elstra.de\/?page_id=29"},"modified":"2017-02-01T21:15:32","modified_gmt":"2017-02-01T20:15:32","slug":"spenden-2","status":"publish","type":"page","link":"https:\/\/www.strohbachorgel-elstra.de\/?page_id=29","title":{"rendered":"Spenden"},"content":{"rendered":"<p><strong>Spenden Sie f\u00fcr\u00a0die Erhaltung der Strohbachorgel Elstra<\/strong><\/p>\n<p><span style=\"color: #000000;\">Osts\u00e4chsische Sparkasse Dresden<\/span><\/p>\n<p><span style=\"color: #000000;\">IBAN: <strong><span style=\"font-size: medium;\">DE36850503003110002883<\/span><\/strong><\/span><\/p>\n<p><span style=\"color: #000000;\">BIC:\u00a0\u00a0<strong><span style=\"font-size: medium;\">OSDDDE81XXX<\/span><\/strong><\/span><\/p>\n<p><span style=\"color: #000000;\">Stichwort: <strong>&#8222;Strohbachorgel&#8220;<\/strong><\/span><\/p>\n<hr \/>\n<p>Allen, die sich mit einer Spende und\/oder mit Ihrem pers\u00f6nlichen Engagement f\u00fcr den Erhalt der Strohbachorgel einsetzen, danken wir sehr herzlich.<\/p>\n<hr \/>\n<p>&nbsp;<\/p>\n<hr \/>\n<p><a title=\"Herzlich Willkommen !!\" href=\"http:\/\/www.strohbachorgel-elstra.de\/\">zur\u00fcck<\/a><\/p>\n","protected":false},"excerpt":{"rendered":"<p>Spenden Sie f\u00fcr\u00a0die Erhaltung der Strohbachorgel Elstra Osts\u00e4chsische Sparkasse Dresden IBAN: DE36850503003110002883 BIC:\u00a0\u00a0OSDDDE81XXX Stichwort: &#8222;Strohbachorgel&#8220; Allen, die sich mit einer Spende und\/oder mit Ihrem pers\u00f6nlichen Engagement f\u00fcr den Erhalt der Strohbachorgel einsetzen, danken wir sehr herzlich. &nbsp; zur\u00fcck<\/p>\n","protected":false},"author":1,"featured_media":0,"parent":0,"menu_order":0,"comment_status":"closed","ping_status":"closed","template":"","meta":{"footnotes":""},"class_list":["post-29","page","type-page","status-publish","hentry"],"_links":{"self":[{"href":"https:\/\/www.strohbachorgel-elstra.de\/index.php?rest_route=\/wp\/v2\/pages\/29","targetHints":{"allow":["GET"]}}],"collection":[{"href":"https:\/\/www.strohbachorgel-elstra.de\/index.php?rest_route=\/wp\/v2\/pages"}],"about":[{"href":"https:\/\/www.strohbachorgel-elstra.de\/index.php?rest_route=\/wp\/v2\/types\/page"}],"author":[{"embeddable":true,"href":"https:\/\/www.strohbachorgel-elstra.de\/index.php?rest_route=\/wp\/v2\/users\/1"}],"replies":[{"embeddable":true,"href":"https:\/\/www.strohbachorgel-elstra.de\/index.php?rest_route=%2Fwp%2Fv2%2Fcomments&post=29"}],"version-history":[{"count":46,"href":"https:\/\/www.strohbachorgel-elstra.de\/index.php?rest_route=\/wp\/v2\/pages\/29\/revisions"}],"predecessor-version":[{"id":1736,"href":"https:\/\/www.strohbachorgel-elstra.de\/index.php?rest_route=\/wp\/v2\/pages\/29\/revisions\/1736"}],"wp:attachment":[{"href":"https:\/\/www.strohbachorgel-elstra.de\/index.php?rest_route=%2Fwp%2Fv2%2Fmedia&parent=29"}],"curies":[{"name":"wp","href":"https:\/\/api.w.org\/{rel}","templated":true}]}}