{"id":3,"date":"2010-03-31T11:50:39","date_gmt":"2010-03-31T09:50:39","guid":{"rendered":"http:\/\/www.strohbachorgel-elstra.de\/?page_id=3"},"modified":"2016-10-02T14:34:28","modified_gmt":"2016-10-02T13:34:28","slug":"die-abraham-strohbachorgel-in-elstra","status":"publish","type":"page","link":"https:\/\/www.strohbachorgel-elstra.de\/?page_id=3","title":{"rendered":"Grusswort"},"content":{"rendered":"<p>Kennen Sie Elstra? Die alte T\u00f6pferstadt in der westlichen Oberlausitz am Fu\u00dfe des Schwarzenberges inmitten der Westlausitzer Bergkette? Nat\u00fcrlich Dresden und Bautzen! Das hie\u00dfe ja sonst, die ber\u00fchmten Eulen des Aristophanes nach Athen tragen zu wollen. Vielleicht auch noch Kamenz und Gotthold Ephraim Lessing, der der wichtigste Dichter der deutschen Aufkl\u00e4rung war. Zumindest geh\u00f6rt dies zur Allgemeinbildung. Bestimmt haben Sie schon im Fr\u00fchjahr die pr\u00e4chtigen Rhododendronbl\u00fcten auf dem nahe gelegenen Hutberg\u00a0bewundert. Nicht zu vergessen: das altehrw\u00fcrdige Kloster St. Marienstern in Panschwitz- Kuckau.<\/p>\n<p>Dass Elstra so wenige Menschen kennen, ist eigentlich unverst\u00e4ndlich bei solcher Historie: 1248 urkundlich erw\u00e4hnt, seit 1383 Stadtrecht, Schloss der Familien von Ponickau und von Knoch usw. Last, but not least: die weithin sichtbare Stadtkirche St. Michaelis mit ihrem hervorragend restaurierten sp\u00e4tbarockem Interieur. Und jetzt das Kuriosum: 1751\u20131755, nach Fertigstellung der Kirche, sozusagen als Kr\u00f6nung, erbaute der \u201eHaynm\u00fcller\u201c Abraham Strohbach ein Instrument, dessen herrlicher Rokoko-Prospekt den Besucher in Erstaunen versetzt.<\/p>\n<p>Hier verlebte ich meine Kindheit. Mit neun Jahren durfte ich das erste Mal an der Orgel spielen. Sie faszinierte mich! &#8230; St\u00f6ranf\u00e4llig war die Orgel eigentlich immer, seit ich sie kenne, und ihre Mechanik ziemlich klapprig und altersschwach und dennoch in ihrer Art so einzigartig und wunderbar, dass ich sie sofort lieb gewann wie eine gute alte Freundin.<\/p>\n<p>Die alten Instrumente lehren uns Demut, Sorgfalt und Sensibilit\u00e4t beim Musizieren, wenn ihr Klang Herz und Sinn anr\u00fchren soll. Der Elstraer\u00a0Abraham-Strohbach-Orgel m\u00f6glichst wieder ihren urspr\u00fcnglichen barocken Klang zu verleihen, ist ein lang gehegter Traum meinerseits. Als Musiker wei\u00df ich allzu gut, wie viel Kraft und Lebensfreude Musik den Musizierenden und Zuh\u00f6rern zu spenden vermag, ja, wenn nicht heilende Kr\u00e4fte freisetzt.<\/p>\n<p>Umso mehr freue ich mich, dass der Kirchenvorstand sich entschlossen hat, unsere geliebte Elstraer Orgel nach den Ma\u00dfst\u00e4ben h\u00f6chster Qualit\u00e4t grundlegend und historisch fachgerecht restaurieren und rekonstruieren zu lassen. Gott sei Dank, ist dieses Instrument erhalten geblieben, und wir k\u00f6nnten sie mit Gottes Segen und mit Ihrer finanziellen Hilfe und Unterst\u00fctzung zu dem Kleinod machen, das sie bestimmt einmal war.<\/p>\n<p>Die Abraham-Strohbach-Orgel, als denkmalw\u00fcrdiges Zeugnis hoher kunsthandwerklicher s\u00e4chsischer Orgelbautradition und in der OberlausitzerKulturlandschaft bestens aufgehoben, ihrem Dornr\u00f6schenschlaf zu entrei\u00dfen, w\u00e4re das Ziel. Sie zu bewahren und zu erhalten, ist Verpflichtung und Auftrag f\u00fcr Generationen.<\/p>\n<p>Ich w\u00fcnsche, dass, nach erfolgter Restauration und Rekonstruktion, der wiedergewonnene Klang der Abraham-Strohbach-Orgel eine sinnvolle kulturelle Bereicherung f\u00fcr die Region werden, viele Freunde finden, Menschen begeistern und gute Musiker anziehen m\u00f6ge. Deshalb rufe ich alle Elstraer B\u00fcrger, Freunde der Orgelmusik sowie G\u00e4ste und G\u00f6nner der Stadt auf und bitte Sie herzlich, sich an diesem sch\u00f6nen gemeinsamen Projekt zu beteiligen.<\/p>\n<p><span style=\"color: #000000;\">SOLI DEO GLORIA<\/span><\/p>\n<p><span style=\"color: #000000;\">Ihr Matthias Eisenberg<\/span><\/p>\n<hr \/>\n<p><a title=\"Herzlich Willkommen !!\" href=\"http:\/\/www.strohbachorgel-elstra.de\/\">zur\u00fcck<\/a><\/p>\n","protected":false},"excerpt":{"rendered":"<p>Kennen Sie Elstra? Die alte T\u00f6pferstadt in der westlichen Oberlausitz am Fu\u00dfe des Schwarzenberges inmitten der Westlausitzer Bergkette? Nat\u00fcrlich Dresden und Bautzen! Das hie\u00dfe ja sonst, die ber\u00fchmten Eulen des Aristophanes nach Athen tragen zu wollen. Vielleicht auch noch Kamenz &hellip; <a href=\"https:\/\/www.strohbachorgel-elstra.de\/?page_id=3\">Weiterlesen <span class=\"meta-nav\">&rarr;<\/span><\/a><\/p>\n","protected":false},"author":1,"featured_media":0,"parent":0,"menu_order":0,"comment_status":"closed","ping_status":"closed","template":"","meta":{"footnotes":""},"class_list":["post-3","page","type-page","status-publish","hentry"],"_links":{"self":[{"href":"https:\/\/www.strohbachorgel-elstra.de\/index.php?rest_route=\/wp\/v2\/pages\/3","targetHints":{"allow":["GET"]}}],"collection":[{"href":"https:\/\/www.strohbachorgel-elstra.de\/index.php?rest_route=\/wp\/v2\/pages"}],"about":[{"href":"https:\/\/www.strohbachorgel-elstra.de\/index.php?rest_route=\/wp\/v2\/types\/page"}],"author":[{"embeddable":true,"href":"https:\/\/www.strohbachorgel-elstra.de\/index.php?rest_route=\/wp\/v2\/users\/1"}],"replies":[{"embeddable":true,"href":"https:\/\/www.strohbachorgel-elstra.de\/index.php?rest_route=%2Fwp%2Fv2%2Fcomments&post=3"}],"version-history":[{"count":19,"href":"https:\/\/www.strohbachorgel-elstra.de\/index.php?rest_route=\/wp\/v2\/pages\/3\/revisions"}],"predecessor-version":[{"id":1679,"href":"https:\/\/www.strohbachorgel-elstra.de\/index.php?rest_route=\/wp\/v2\/pages\/3\/revisions\/1679"}],"wp:attachment":[{"href":"https:\/\/www.strohbachorgel-elstra.de\/index.php?rest_route=%2Fwp%2Fv2%2Fmedia&parent=3"}],"curies":[{"name":"wp","href":"https:\/\/api.w.org\/{rel}","templated":true}]}}