{"id":420,"date":"2013-11-09T16:15:27","date_gmt":"2013-11-09T15:15:27","guid":{"rendered":"http:\/\/www.strohbachorgel-elstra.de\/?page_id=420"},"modified":"2026-03-30T19:34:02","modified_gmt":"2026-03-30T18:34:02","slug":"herzlich-willkommen","status":"publish","type":"page","link":"https:\/\/www.strohbachorgel-elstra.de\/","title":{"rendered":"Herzlich Willkommen !"},"content":{"rendered":"\n<p class=\"has-text-align-left\">Wir freuen uns \u00fcber Ihr Interesse an der Abraham-Strohbach-Orgel Elstra.<\/p>\n\n\n\n<p class=\"has-text-align-left\">Nehmen Sie sich ein wenig Zeit und erfahren Sie mehr \u00fcber einen M\u00fcller, der auch Orgeln baute, \u00fcber ein einzigartiges Instrument mit gewissen Altersschw\u00e4chen und \u00fcber unser ehrgeiziges Projekt.<\/p>\n\n\n\n<p>Tragen Sie dazu bei, dass ein St\u00fcck Kulturgeschichte in Elstra erhalten bleibt.<\/p>\n\n\n\n<p>Werfen Sie auch einen Blick auf unseren <a title=\"Veranstaltungen\" href=\"http:\/\/www.strohbachorgel-elstra.de\/?page_id=159\">Veranstaltungskalender<\/a>. Wir freuen uns auf Ihren Besuch.<\/p>\n\n\n\n<hr class=\"wp-block-separator aligncenter has-text-color has-light-gray-color has-alpha-channel-opacity has-light-gray-background-color has-background\"\/>\n\n\n\n<p class=\"has-text-align-center\"><strong>N\u00e4chster H\u00f6hepunkt<\/strong>:<\/p>\n\n\n\n<p class=\"has-text-align-center\"><strong>12.06.2026 Patrick Gl\u00e4ser &#8211; Best of Orgel rockt<\/strong><\/p>\n\n\n\n<figure class=\"wp-block-image size-full\"><img loading=\"lazy\" decoding=\"async\" width=\"1024\" height=\"778\" src=\"https:\/\/www.strohbachorgel-elstra.de\/wp-content\/uploads\/2026\/03\/Bild-28.10.25-um-09.02-1024x778-1.jpg\" alt=\"\" class=\"wp-image-2257\" srcset=\"https:\/\/www.strohbachorgel-elstra.de\/wp-content\/uploads\/2026\/03\/Bild-28.10.25-um-09.02-1024x778-1.jpg 1024w, https:\/\/www.strohbachorgel-elstra.de\/wp-content\/uploads\/2026\/03\/Bild-28.10.25-um-09.02-1024x778-1-300x228.jpg 300w, https:\/\/www.strohbachorgel-elstra.de\/wp-content\/uploads\/2026\/03\/Bild-28.10.25-um-09.02-1024x778-1-768x584.jpg 768w\" sizes=\"auto, (max-width: 1024px) 100vw, 1024px\" \/><\/figure>\n\n\n\n<hr class=\"wp-block-separator aligncenter has-text-color has-light-gray-color has-alpha-channel-opacity has-light-gray-background-color has-background\"\/>\n\n\n\n<p><\/p>\n\n\n\n<p class=\"has-text-align-center\"><strong>R\u00fcckblick:<\/strong><\/p>\n\n\n<div class=\"wp-block-image wp-image-1814\">\n<figure class=\"alignleft\"><img loading=\"lazy\" decoding=\"async\" width=\"768\" height=\"1024\" src=\"http:\/\/www.strohbachorgel-elstra.de\/wp-content\/uploads\/2013\/11\/IMG_1566-e1509910191262-768x1024.jpg\" alt=\"Festkonzert &quot;500 Jahre Reformation&quot; am 31.10.2017\" class=\"wp-image-1814\" srcset=\"https:\/\/www.strohbachorgel-elstra.de\/wp-content\/uploads\/2013\/11\/IMG_1566-e1509910191262-768x1024.jpg 768w, https:\/\/www.strohbachorgel-elstra.de\/wp-content\/uploads\/2013\/11\/IMG_1566-e1509910191262-225x300.jpg 225w\" sizes=\"auto, (max-width: 768px) 100vw, 768px\" \/><figcaption class=\"wp-element-caption\">Festkonzert &#8222;500 Jahre Reformation&#8220; am 31.10.2017<\/figcaption><\/figure>\n<\/div>\n\n<div class=\"wp-block-image\">\n<figure class=\"alignleft\"><a href=\"http:\/\/www.sz-online.de\/nachrichten\/fulminante-orgelweihe-3496925.html\"><img loading=\"lazy\" decoding=\"async\" width=\"898\" height=\"1024\" src=\"http:\/\/www.strohbachorgel-elstra.de\/wp-content\/uploads\/2013\/11\/IMG_7567-898x1024.jpg\" alt=\"SZ am\u00a020.09.2016: Fulminante Orgelweihe mit Matthias Eisenberg\" class=\"wp-image-1644\" srcset=\"https:\/\/www.strohbachorgel-elstra.de\/wp-content\/uploads\/2013\/11\/IMG_7567-898x1024.jpg 898w, https:\/\/www.strohbachorgel-elstra.de\/wp-content\/uploads\/2013\/11\/IMG_7567-263x300.jpg 263w, https:\/\/www.strohbachorgel-elstra.de\/wp-content\/uploads\/2013\/11\/IMG_7567-768x876.jpg 768w\" sizes=\"auto, (max-width: 898px) 100vw, 898px\" \/><\/a><figcaption class=\"wp-element-caption\">SZ am&nbsp;20.09.2016: Fulminante Orgelweihe mit Matthias Eisenberg<\/figcaption><\/figure>\n<\/div>\n\n<div class=\"wp-block-image\">\n<figure class=\"alignleft\"><a href=\"http:\/\/www.strohbachorgel-elstra.de\/?p=1261\"><img loading=\"lazy\" decoding=\"async\" width=\"1024\" height=\"683\" src=\"http:\/\/www.strohbachorgel-elstra.de\/wp-content\/uploads\/2016\/04\/IMG_3483-1024x683.jpg\" alt=\"M\u00fchlenabend am 17. September 2016\" class=\"wp-image-1560\" srcset=\"https:\/\/www.strohbachorgel-elstra.de\/wp-content\/uploads\/2016\/04\/IMG_3483-1024x683.jpg 1024w, https:\/\/www.strohbachorgel-elstra.de\/wp-content\/uploads\/2016\/04\/IMG_3483-300x200.jpg 300w, https:\/\/www.strohbachorgel-elstra.de\/wp-content\/uploads\/2016\/04\/IMG_3483-768x512.jpg 768w\" sizes=\"auto, (max-width: 1024px) 100vw, 1024px\" \/><\/a><figcaption class=\"wp-element-caption\">M\u00fchlenabend am 17. September 2016<\/figcaption><\/figure>\n<\/div>\n\n\n<hr class=\"wp-block-separator has-alpha-channel-opacity\"\/>\n\n\n<div class=\"wp-block-image\">\n<figure class=\"aligncenter\"><a href=\"http:\/\/www.strohbachorgel-elstra.de\/?page_id=1285\"><img loading=\"lazy\" decoding=\"async\" width=\"1024\" height=\"724\" src=\"http:\/\/www.strohbachorgel-elstra.de\/wp-content\/uploads\/2016\/08\/Bildchronik00002-1024x724.jpeg\" alt=\"Bildchronik\u00a0zum Orgelprojekt 2010 - 2016\" class=\"wp-image-1467\" srcset=\"https:\/\/www.strohbachorgel-elstra.de\/wp-content\/uploads\/2016\/08\/Bildchronik00002-1024x724.jpeg 1024w, https:\/\/www.strohbachorgel-elstra.de\/wp-content\/uploads\/2016\/08\/Bildchronik00002-300x212.jpeg 300w, https:\/\/www.strohbachorgel-elstra.de\/wp-content\/uploads\/2016\/08\/Bildchronik00002-768x543.jpeg 768w, https:\/\/www.strohbachorgel-elstra.de\/wp-content\/uploads\/2016\/08\/Bildchronik00002.jpeg 1181w\" sizes=\"auto, (max-width: 1024px) 100vw, 1024px\" \/><\/a><figcaption class=\"wp-element-caption\">Bildchronik&nbsp;zum Orgelprojekt 2010 &#8211; 2016<\/figcaption><\/figure>\n<\/div>\n\n\n<p class=\"has-text-align-center\"><a href=\"http:\/\/www.strohbachorgel-elstra.de\/?page_id=433\"><em><strong>Archiv<\/strong><\/em><\/a><\/p>\n\n\n\n<hr class=\"wp-block-separator has-alpha-channel-opacity\"\/>\n","protected":false},"excerpt":{"rendered":"<p>Wir freuen uns \u00fcber Ihr Interesse an der Abraham-Strohbach-Orgel Elstra. Nehmen Sie sich ein wenig Zeit und erfahren Sie mehr \u00fcber einen M\u00fcller, der auch Orgeln baute, \u00fcber ein einzigartiges Instrument mit gewissen Altersschw\u00e4chen und \u00fcber unser ehrgeiziges Projekt. Tragen &hellip; <a href=\"https:\/\/www.strohbachorgel-elstra.de\/\">Weiterlesen <span class=\"meta-nav\">&rarr;<\/span><\/a><\/p>\n","protected":false},"author":1,"featured_media":0,"parent":0,"menu_order":0,"comment_status":"closed","ping_status":"closed","template":"","meta":{"footnotes":""},"class_list":["post-420","page","type-page","status-publish","hentry"],"_links":{"self":[{"href":"https:\/\/www.strohbachorgel-elstra.de\/index.php?rest_route=\/wp\/v2\/pages\/420","targetHints":{"allow":["GET"]}}],"collection":[{"href":"https:\/\/www.strohbachorgel-elstra.de\/index.php?rest_route=\/wp\/v2\/pages"}],"about":[{"href":"https:\/\/www.strohbachorgel-elstra.de\/index.php?rest_route=\/wp\/v2\/types\/page"}],"author":[{"embeddable":true,"href":"https:\/\/www.strohbachorgel-elstra.de\/index.php?rest_route=\/wp\/v2\/users\/1"}],"replies":[{"embeddable":true,"href":"https:\/\/www.strohbachorgel-elstra.de\/index.php?rest_route=%2Fwp%2Fv2%2Fcomments&post=420"}],"version-history":[{"count":278,"href":"https:\/\/www.strohbachorgel-elstra.de\/index.php?rest_route=\/wp\/v2\/pages\/420\/revisions"}],"predecessor-version":[{"id":2258,"href":"https:\/\/www.strohbachorgel-elstra.de\/index.php?rest_route=\/wp\/v2\/pages\/420\/revisions\/2258"}],"wp:attachment":[{"href":"https:\/\/www.strohbachorgel-elstra.de\/index.php?rest_route=%2Fwp%2Fv2%2Fmedia&parent=420"}],"curies":[{"name":"wp","href":"https:\/\/api.w.org\/{rel}","templated":true}]}}