{"id":433,"date":"2013-11-09T16:54:32","date_gmt":"2013-11-09T15:54:32","guid":{"rendered":"http:\/\/www.strohbachorgel-elstra.de\/?page_id=433"},"modified":"2026-03-30T19:37:53","modified_gmt":"2026-03-30T18:37:53","slug":"archiv-2","status":"publish","type":"page","link":"https:\/\/www.strohbachorgel-elstra.de\/?page_id=433","title":{"rendered":"Archiv"},"content":{"rendered":"<p><a href=\"https:\/\/www.strohbachorgel-elstra.de\/?p=2260\">28.03.2026 Orgel, Brass &amp; Gloria &#8211; Matthias Eisenberg &amp; Classic Brass<\/a><\/p>\n<p><a href=\"https:\/\/www.strohbachorgel-elstra.de\/?p=2234\">13.09.2025 Starlights Live &#8211; Die gr\u00f6\u00dfte Orgelshow Deutschlands in Elstra<\/a><\/p>\n<p><a href=\"https:\/\/www.strohbachorgel-elstra.de\/?p=2198\">10.05.2025 Orgel &amp; Stummfilm<\/a><\/p>\n<p><a href=\"https:\/\/www.strohbachorgel-elstra.de\/?p=2188\">29.03.2025 Festkonzert Classic Brass &amp; Prof. Matthias Eisenberg<\/a><\/p>\n<p><a href=\"https:\/\/www.strohbachorgel-elstra.de\/?p=2165\">30.10.2025 Konzert f\u00fcr Trompete &amp; Orgel<\/a><\/p>\n<p><a href=\"https:\/\/www.strohbachorgel-elstra.de\/?p=2150\">11.08.2024 Sommer-Orgelkonzert mit Prof. Matthias Eisenberg<\/a><\/p>\n<p><a href=\"https:\/\/www.strohbachorgel-elstra.de\/?p=2144\">14.06.2024 Konzert von Studierenden der KIMU Dresden &amp; Prof. Martin Strohh\u00e4cker<\/a><\/p>\n<p><a href=\"https:\/\/www.strohbachorgel-elstra.de\/?p=2129\">11.05.2024 Ensemble TOP Leipzig &#8211; Konzert f\u00fcr 2 Trompeten, Orgel und Pauken<\/a><\/p>\n<p>10.09.2023 Orgelmarathon zum Todd 2023 mit Matthias Gr\u00fcnert<\/p>\n<p>26.08.2023 Orgelkonzert zum Heimatfest 775 Jahre Elstra mit Prof. Matthias Eisenberg<\/p>\n<p><a href=\"https:\/\/www.strohbachorgel-elstra.de\/?p=2065\">25.06.2023 Orgelkonzert mit Prof. Matthias Eisenberg<\/a><\/p>\n<p>01.01.2023 Orgelandacht zum Neujahrstag<\/p>\n<p><a href=\"https:\/\/www.strohbachorgel-elstra.de\/?p=2037\">02.10.2022 300 Jahre Kirche Elstra<\/a><\/p>\n<p><a href=\"https:\/\/www.strohbachorgel-elstra.de\/?p=2042\">11.09.2022 Orgel-Marathon zum Tag des offenen Denkmals 2022<\/a><\/p>\n<p><a href=\"https:\/\/www.strohbachorgel-elstra.de\/?p=2015\">12.09.2021 Orgel-Mini-Marathon am Tag des offenen Denkmals 2021<\/a><\/p>\n<p><a href=\"https:\/\/www.strohbachorgel-elstra.de\/?p=2012\">13.09.2020 Orgel-Mini-Marathon am Tag des offenen Denkmals 2020<\/a><\/p>\n<p><a href=\"http:\/\/www.strohbachorgel-elstra.de\/?p=1976\">08.09.2019 Orgel-Mini-Marathon am Tag des offenen Denkmals 2019<\/a><\/p>\n<p><a href=\"http:\/\/www.strohbachorgel-elstra.de\/?p=1929\">22.03.2019 Orgel rockt mit Patrick Gl\u00e4ser<\/a><\/p>\n<p>06.10.2018 Vier H\u00e4nde &#8211; Vier F\u00fc\u00dfe<\/p>\n<p>25.08.2018 Die Orgelmaus @ Stadtfest Elstra<\/p>\n<p>15.06.2018 Der K\u00f6nig der Lieder und die K\u00f6nigin der Instrumente<\/p>\n<p><a href=\"http:\/\/www.strohbachorgel-elstra.de\/?p=1889\">28.04.2018 Orgel, Saxophon &amp; Klarinette<\/a><\/p>\n<p><a href=\"http:\/\/www.strohbachorgel-elstra.de\/?p=1857\">22.10.2017 Orgelkonzert &#8222;500 Jahre Reformation&#8220;<\/a><\/p>\n<p><a href=\"http:\/\/www.strohbachorgel-elstra.de\/?p=1661\">27.10.2016 Orgelkonzert und F\u00fchrung mit Prof. Matthias Eisenberg<\/a><\/p>\n<p><a href=\"http:\/\/www.strohbachorgel-elstra.de\/?p=1263\">18.09.2016 Festliche Wiedereinweihung<\/a><\/p>\n<p><a href=\"http:\/\/www.strohbachorgel-elstra.de\/?p=1261\">17.09.2016 M\u00fchlenabend<\/a><\/p>\n<p><a href=\"http:\/\/www.strohbachorgel-elstra.de\/?p=1551\">02.09.2016 SZ: Strohbachs Orgelpfeifen<\/a><\/p>\n<p><a href=\"http:\/\/www.strohbachorgel-elstra.de\/?p=1274\">Strohbachorgel on air<\/a><\/p>\n<p><a href=\"http:\/\/www.sz-online.de\/nachrichten\/restaurator-legt-hand-an-3372615.html\">SZ am 15.04.2016: &#8222;Restaurator legt Hand an&#8220;<\/a><\/p>\n<p><a href=\"http:\/\/www.sz-online.de\/nachrichten\/strohbachorgel-hat-zimbelstern-zurueck-3329995.html\">SZ am 23.02.2016 &#8222;Strohbachorgel hat Zimbelstern zur\u00fcck&#8220;<\/a><\/p>\n<hr \/>\n<p><a href=\"http:\/\/www.strohbachorgel-elstra.de\/?p=835\">07.12.2015 Orgelt\u00fcrchen 2015<\/a><\/p>\n<p><a href=\"http:\/\/www.strohbachorgel-elstra.de\/?p=818\">06.11.2015 Elstra swingt f\u00fcr die Orgel<\/a><\/p>\n<p><a href=\"http:\/\/www.strohbachorgel-elstra.de\/?p=839\">29.08.2015\u00a0Elstraer Heimatfest 2015<\/a><\/p>\n<p><a title=\"18.04.2015 Besuch der Orgelbauwerkstatt Jehmlich\" href=\"http:\/\/www.strohbachorgel-elstra.de\/?p=791\">18.04.2015 Besuch der Orgelbauwerkstatt Jehmlich<\/a><\/p>\n<p><a title=\"Der Strohbach-Code \u2013 Geheimnisse einer K\u00f6nigin.\" href=\"http:\/\/www.strohbachorgel-elstra.de\/?p=736\">27.03.2015 Der Strohbach-Code &#8211; Geheimnisse einer K\u00f6nigin.<\/a><\/p>\n<p><a title=\"Strohbachorgel verr\u00fcckt\" href=\"http:\/\/www.strohbachorgel-elstra.de\/?p=740\">Strohbachorgel verr\u00fcckt<\/a><\/p>\n<hr \/>\n<p><a title=\"F\u00f6rderkreis Strohbachorgel \u00f6ffnet 1. Kalendert\u00fcrchen\" href=\"http:\/\/www.strohbachorgel-elstra.de\/?p=719\">14.12.2014 Adventsnachmittag auf dem Elstraer Markt<\/a><\/p>\n<p><a title=\"F\u00f6rderkreis Strohbachorgel \u00f6ffnet 1. Kalendert\u00fcrchen\" href=\"http:\/\/www.strohbachorgel-elstra.de\/?p=719\">01.12.2014\u00a0F\u00f6rderkreis Strohbachorgel \u00f6ffnet erstes Kalendert\u00fcrchen<\/a><\/p>\n<p><a title=\"Orgelausbau im Oktober 2014\" href=\"http:\/\/www.strohbachorgel-elstra.de\/?p=711\">Ausbau der Orgel im Oktober 2014<\/a><a title=\"30.10.2014 \u201cWillst du Dein Herz mir schenken\u201d \u2013 Barockkonzert\" href=\"http:\/\/www.strohbachorgel-elstra.de\/?p=684\">30.10.2014\u00a0&#8222;Willst du dein Herz mir schenken&#8220; &#8211; Kurf\u00fcrstlich-S\u00e4chsisches Barockensemble gastierte in Elstra<\/a><\/p>\n<p><a title=\"14.09.2014 Tag des offenen Denkmals 2014\" href=\"http:\/\/www.strohbachorgel-elstra.de\/?p=662\">14.09.2014 Tag des offenen Denkmals 2014<\/a><\/p>\n<p><a title=\"26.04.2014 Mein Schummlau lob ich mir. Teil II\" href=\"http:\/\/www.strohbachorgel-elstra.de\/?p=617\">27.04.2014 Mein Schummlau lob ich mir. Teil II &#8211; Galerie<\/a><\/p>\n<p><a title=\"27.04.2014 \u201cMein Schummlau lob ich mir\u201d Teil II\" href=\"http:\/\/www.strohbachorgel-elstra.de\/?p=594\">27.04.2014 Mein Schummlau lob ich mir. Teil II<\/a><\/p>\n<hr \/>\n<p>15.12.2013 Adventsnachmittag auf dem Elstraer Markt.<\/p>\n<p>10.12.2013\u00a0Kalendert\u00fcrchen Nr. 10 wurde im Rathaus Elstra ge\u00f6ffnet<\/p>\n<p>02.12.2013 2. T\u00fcrchen des lebendigen Adventskalenders 2013<\/p>\n<p><a title=\"30.10.2013 Classic Brass &amp; Matthias Eisenberg\" href=\"http:\/\/www.strohbachorgel-elstra.de\/?p=460\">30.10.2013 Classic Brass &amp; Matthias Eisenberg<\/a><\/p>\n<p><a title=\"Tag des offenen Denkmals 2013\" href=\"http:\/\/www.strohbachorgel-elstra.de\/?p=452\">Tag des offenen Denkmals 2013<\/a><\/p>\n<p><a title=\"19.08.2013 Dance-Dialogue\" href=\"http:\/\/www.strohbachorgel-elstra.de\/?p=464\">19.08.2013 Dance Dialogue<\/a><\/p>\n<p><a title=\"07.07.2013 Benefizkonzert\" href=\"http:\/\/www.strohbachorgel-elstra.de\/?p=466\">07.07.2013 Benefizkonzert<\/a><\/p>\n<p><a title=\"28.04.2013 Mein Schummlau lob ich mir !\" href=\"http:\/\/www.strohbachorgel-elstra.de\/?p=462\">28.04.2013 Mein Schummlau lob ich mir !<\/a><\/p>\n<hr \/>\n<p><a title=\"28.09.2012 Ein Himmel aus Stein\" href=\"http:\/\/www.strohbachorgel-elstra.de\/?p=470\">28.09.2012 Ein Himmel aus Stein<\/a><\/p>\n<p><a title=\"21.07.2012 Zw\u00f6lf Blechbl\u00e4ser\" href=\"http:\/\/www.strohbachorgel-elstra.de\/?p=468\">21.07.2012 Zw\u00f6lf Blechbl\u00e4ser<\/a><\/p>\n<p><a title=\"SZ vom 26.06.2012\" href=\"http:\/\/www.strohbachorgel-elstra.de\/?p=435\">SZ vom 26.06.2012<\/a><\/p>\n<hr \/>\n<p><a title=\"SZ vom 08.01.2011\" href=\"http:\/\/www.strohbachorgel-elstra.de\/?p=140\">SZ vom 08.01.2011<\/a><\/p>\n<p><a title=\"08.01.2011 Weihnachtsoratorium\" href=\"http:\/\/www.strohbachorgel-elstra.de\/?p=475\">08.01.2011 Weihnachtsoratorium<\/a><\/p>\n<hr \/>\n<p><a title=\"25.06.2010 Prof. Dr. Marti \u2013 Cembalo &amp; Orgel\" href=\"http:\/\/www.strohbachorgel-elstra.de\/?p=479\">25.06.2010 Prof. Dr. Marti \u2013 Cembalo &amp; Orgel<\/a><\/p>\n<p><a title=\"23.05.2010 Joachim Sch\u00e4fer \u2013 Trompeten &amp; Orgel\" href=\"http:\/\/www.strohbachorgel-elstra.de\/?p=477\">23.05.2010 Joachim Sch\u00e4fer \u2013 Trompeten &amp; Orgel<\/a><\/p>\n<p><a title=\"Abraham Strohbach \u2013 ein M\u00fcller und talentierter Orgelbauer Sachsens\" href=\"http:\/\/www.strohbachorgel-elstra.de\/?p=102\">Abraham Strohbach &#8211; ein M\u00fcller und talentierter Orgelbauer Sachsens<\/a><\/p>\n<hr \/>\n<p><a title=\"Herzlich Willkommen !!\" href=\"http:\/\/www.strohbachorgel-elstra.de\/\">zur\u00fcck<\/a><\/p>\n","protected":false},"excerpt":{"rendered":"<p>28.03.2026 Orgel, Brass &amp; Gloria &#8211; Matthias Eisenberg &amp; Classic Brass 13.09.2025 Starlights Live &#8211; Die gr\u00f6\u00dfte Orgelshow Deutschlands in Elstra 10.05.2025 Orgel &amp; Stummfilm 29.03.2025 Festkonzert Classic Brass &amp; Prof. Matthias Eisenberg 30.10.2025 Konzert f\u00fcr Trompete &amp; Orgel 11.08.2024 &hellip; <a href=\"https:\/\/www.strohbachorgel-elstra.de\/?page_id=433\">Weiterlesen <span class=\"meta-nav\">&rarr;<\/span><\/a><\/p>\n","protected":false},"author":1,"featured_media":0,"parent":0,"menu_order":0,"comment_status":"closed","ping_status":"open","template":"","meta":{"footnotes":""},"class_list":["post-433","page","type-page","status-publish","hentry"],"_links":{"self":[{"href":"https:\/\/www.strohbachorgel-elstra.de\/index.php?rest_route=\/wp\/v2\/pages\/433","targetHints":{"allow":["GET"]}}],"collection":[{"href":"https:\/\/www.strohbachorgel-elstra.de\/index.php?rest_route=\/wp\/v2\/pages"}],"about":[{"href":"https:\/\/www.strohbachorgel-elstra.de\/index.php?rest_route=\/wp\/v2\/types\/page"}],"author":[{"embeddable":true,"href":"https:\/\/www.strohbachorgel-elstra.de\/index.php?rest_route=\/wp\/v2\/users\/1"}],"replies":[{"embeddable":true,"href":"https:\/\/www.strohbachorgel-elstra.de\/index.php?rest_route=%2Fwp%2Fv2%2Fcomments&post=433"}],"version-history":[{"count":64,"href":"https:\/\/www.strohbachorgel-elstra.de\/index.php?rest_route=\/wp\/v2\/pages\/433\/revisions"}],"predecessor-version":[{"id":2262,"href":"https:\/\/www.strohbachorgel-elstra.de\/index.php?rest_route=\/wp\/v2\/pages\/433\/revisions\/2262"}],"wp:attachment":[{"href":"https:\/\/www.strohbachorgel-elstra.de\/index.php?rest_route=%2Fwp%2Fv2%2Fmedia&parent=433"}],"curies":[{"name":"wp","href":"https:\/\/api.w.org\/{rel}","templated":true}]}}