{"id":7,"date":"2010-03-30T23:11:18","date_gmt":"2010-03-30T21:11:18","guid":{"rendered":"http:\/\/www.strohbachorgel-elstra.de\/?page_id=7"},"modified":"2019-03-24T10:14:24","modified_gmt":"2019-03-24T09:14:24","slug":"kleine-chronologie-der-strohbachorgel","status":"publish","type":"page","link":"https:\/\/www.strohbachorgel-elstra.de\/?page_id=7","title":{"rendered":"Chronologie der Orgel"},"content":{"rendered":"<p><strong>1751\u20131755 <\/strong>wurde die Orgel von Abraham Strohbach f\u00fcr 450 Taler erbaut<\/p>\n<p><strong>1756 <\/strong>Abnahmepr\u00fcfung am 2. Sonntag nach Epiphanias (18. Januar) durch Johann Heinrich G\u00f6ssel, \u201eCantor und Musikdirector zu Budissin\u201c (Bautzen)<\/p>\n<p><strong>1766 <\/strong>gro\u00dfer Stadtbrand<\/p>\n<p><strong>1781 \/ 1784 \/ 1787 <\/strong>verschiedene Reparaturen der Orgel<\/p>\n<p><strong>1838 <\/strong>vom 19.9. bis 10.11. Hauptreparatur durch den Orgelbauer Christian Gottfried Herbrig und dessen Sohn Wilhelm Leberecht aus Langenwolmsdorf, Austausch einiger Register, dem damaligen musikalischen Zeitgeschmack entsprechend<\/p>\n<p><strong>1887 <\/strong>gr\u00f6\u00dfere Reparatur der Orgel durch August Schuster &amp; Sohn, Zittau<\/p>\n<p><strong>1917 <\/strong>Abgabe der Prospektpfeifen f\u00fcr Kriegsmetall<\/p>\n<p><strong>1926 <\/strong>Gutachten der Orgelbaufirma Hermann Eule, Bautzen, vom 21.01.: \u201evon den urspr\u00fcnglichen 16 Registern sind nur noch 13 vorhanden\u201c \u2026<\/p>\n<p><strong>1927 <\/strong>Renovierung durch Johannes Jahn, Dresden, im Oktober d. J., Einbau neuer Prospektpfeifen aus Zink und verschiedener anderer Register sowie eines Magazingebl\u00e4ses mit Elektroventilator<\/p>\n<p><strong>1952 <\/strong>Erneuerung der Orgel durch die Firma Hermann Eule, Bautzen, neobarocke Gestaltung der Disposition im Sinne der Orgelbewegung, Abnahmepr\u00fcfung durch KMD Gerhard Paulik aus Pirna, Orgelweihe am 2. Juni<\/p>\n<p><strong>1983 <\/strong>Untersuchung des Instrumentes durch Ulrich D\u00e4hnert, Dresden, Beschreibung der Orgel in seinem Buch \u201eHistorische Orgeln in Sachsen\u201c, \u201eHistorischer Bestand: Geh\u00e4use, Windladen, Spiel- und Registriermechanik, Manualklaviaturen, Registerkn\u00f6pfe und etwa5 bis 6 Stimmen.\u201c<\/p>\n<p><strong>1992 <\/strong>Restaurierung durch Orgelbau Ekkehart Gro\u00df, Waditz<\/p>\n<p><strong>2014-2016<\/strong>\u00a0umfassende Restaurierung und Rekonstruktion durch Orgelbau Jehmlich, Dresden<\/p>\n<p><a title=\"Die Orgel\" href=\"http:\/\/www.strohbachorgel-elstra.de\/?page_id=202\">zur\u00fcck<\/a><\/p>\n","protected":false},"excerpt":{"rendered":"<p>1751\u20131755 wurde die Orgel von Abraham Strohbach f\u00fcr 450 Taler erbaut 1756 Abnahmepr\u00fcfung am 2. Sonntag nach Epiphanias (18. Januar) durch Johann Heinrich G\u00f6ssel, \u201eCantor und Musikdirector zu Budissin\u201c (Bautzen) 1766 gro\u00dfer Stadtbrand 1781 \/ 1784 \/ 1787 verschiedene Reparaturen &hellip; <a href=\"https:\/\/www.strohbachorgel-elstra.de\/?page_id=7\">Weiterlesen <span class=\"meta-nav\">&rarr;<\/span><\/a><\/p>\n","protected":false},"author":1,"featured_media":0,"parent":202,"menu_order":0,"comment_status":"closed","ping_status":"closed","template":"","meta":{"footnotes":""},"class_list":["post-7","page","type-page","status-publish","hentry"],"_links":{"self":[{"href":"https:\/\/www.strohbachorgel-elstra.de\/index.php?rest_route=\/wp\/v2\/pages\/7","targetHints":{"allow":["GET"]}}],"collection":[{"href":"https:\/\/www.strohbachorgel-elstra.de\/index.php?rest_route=\/wp\/v2\/pages"}],"about":[{"href":"https:\/\/www.strohbachorgel-elstra.de\/index.php?rest_route=\/wp\/v2\/types\/page"}],"author":[{"embeddable":true,"href":"https:\/\/www.strohbachorgel-elstra.de\/index.php?rest_route=\/wp\/v2\/users\/1"}],"replies":[{"embeddable":true,"href":"https:\/\/www.strohbachorgel-elstra.de\/index.php?rest_route=%2Fwp%2Fv2%2Fcomments&post=7"}],"version-history":[{"count":13,"href":"https:\/\/www.strohbachorgel-elstra.de\/index.php?rest_route=\/wp\/v2\/pages\/7\/revisions"}],"predecessor-version":[{"id":1955,"href":"https:\/\/www.strohbachorgel-elstra.de\/index.php?rest_route=\/wp\/v2\/pages\/7\/revisions\/1955"}],"up":[{"embeddable":true,"href":"https:\/\/www.strohbachorgel-elstra.de\/index.php?rest_route=\/wp\/v2\/pages\/202"}],"wp:attachment":[{"href":"https:\/\/www.strohbachorgel-elstra.de\/index.php?rest_route=%2Fwp%2Fv2%2Fmedia&parent=7"}],"curies":[{"name":"wp","href":"https:\/\/api.w.org\/{rel}","templated":true}]}}